{"id":3396,"date":"2014-12-15T09:49:20","date_gmt":"2014-12-15T09:49:20","guid":{"rendered":"http:\/\/logistics-upb.com\/englishver\/ro\/courses\/"},"modified":"2024-04-18T13:54:29","modified_gmt":"2024-04-18T10:54:29","slug":"courses","status":"publish","type":"page","link":"http:\/\/logistics-upb.com\/englishver\/courses\/","title":{"rendered":"Cursuri &#8211; Lista selectiva"},"content":{"rendered":"\n<p>Specializarea Logistic\u0103 Industrial\u0103 a fost \u00eenfiin\u021bat\u0103 in anul 2010 in cadrul Catedrei de Ma\u0219ini si Sisteme de Produc\u021bie, \u00een prezent Departamentul de Robo\u021bi \u0219i Sisteme de Produc\u021bie.<\/p>\n\n\n\n<p>Direc\u021biile urmate \u00een cadrul specializ\u0103rii Logistic\u0103 Industrial\u0103 sunt:<\/p>\n\n\n\n<ol class=\"wp-block-list\" type=\"A\">\n<li>Automatiz\u0103ri \u00een logistica industrial\u0103;<\/li>\n\n\n\n<li>Proiectare;<\/li>\n\n\n\n<li>Managementul activit\u0103\u021bilor logistice &#8211; Planificarea resurselor firmelor;<\/li>\n<\/ol>\n\n\n\n<p>Discipline \u2013 Specializarea Logistic\u0103 Industrial\u0103 (list\u0103 selectiv\u0103):<\/p>\n\n\n\n<ul class=\"wp-block-list\">\n<li>Programarea calculatoarelor \u0219i limbaje de programare<\/li>\n\n\n\n<li>Informatic\u0103 aplicat\u0103;<\/li>\n\n\n\n<li>Proiectare asistata de calculator;<\/li>\n\n\n\n<li>Control cu automate programabile \u00een logistic\u0103<\/li>\n\n\n\n<li>Identificarea \u00een logistic\u0103;<\/li>\n\n\n\n<li>Senzori industriali;<\/li>\n\n\n\n<li>Planificarea resurselor firmei \u2013 ERP;<\/li>\n\n\n\n<li>Management de proiect;<\/li>\n\n\n\n<li>Managementul lan\u021bului de furnizori;<\/li>\n\n\n\n<li>Managementul fluxurilor materiale<\/li>\n<\/ul>\n\n\n\n<p>Laboratoarele specializ\u0103rii Logistic\u0103 Industrial\u0103:<\/p>\n\n\n\n<figure class=\"wp-block-table\"><table><tbody><tr><td><strong>Laboratorul de INTRALOGISTICA<\/strong><\/td><td><strong>&nbsp; Laboratorul de BAZELE LOGISTICII INDUSTRIALE<\/strong><\/td><\/tr><tr><td><strong>&nbsp;&nbsp;&nbsp; &#8211; organologie, ac\u021bion\u0103ri, comanda \u0219i control &#8211;<\/strong><\/td><td>&nbsp;&nbsp;&nbsp;&nbsp;&nbsp;&nbsp;&nbsp;&nbsp;&nbsp;&nbsp;&nbsp;&nbsp; &nbsp;&nbsp;&nbsp;&nbsp;&nbsp;&nbsp;&nbsp;&nbsp;&nbsp;&nbsp;<strong>&#8211;<\/strong> <strong>programare, proiectare &#8211;<\/strong><\/td><\/tr><tr><td><img fetchpriority=\"high\" decoding=\"async\" width=\"500\" height=\"375\" class=\"wp-image-4008\" style=\"width: 500px;\" src=\"http:\/\/logistics-upb.com\/englishver\/wp-content\/uploads\/2023\/06\/1.jpg\" alt=\"\" srcset=\"http:\/\/logistics-upb.com\/englishver\/wp-content\/uploads\/2023\/06\/1.jpg 2560w, http:\/\/logistics-upb.com\/englishver\/wp-content\/uploads\/2023\/06\/1-300x225.jpg 300w, http:\/\/logistics-upb.com\/englishver\/wp-content\/uploads\/2023\/06\/1-1024x768.jpg 1024w, http:\/\/logistics-upb.com\/englishver\/wp-content\/uploads\/2023\/06\/1-768x576.jpg 768w, http:\/\/logistics-upb.com\/englishver\/wp-content\/uploads\/2023\/06\/1-1536x1152.jpg 1536w, http:\/\/logistics-upb.com\/englishver\/wp-content\/uploads\/2023\/06\/1-2048x1536.jpg 2048w, http:\/\/logistics-upb.com\/englishver\/wp-content\/uploads\/2023\/06\/1-73x55.jpg 73w\" sizes=\"(max-width: 500px) 100vw, 500px\" \/><\/td><td><img decoding=\"async\" width=\"500\" height=\"375\" class=\"wp-image-4009\" style=\"width: 500px;\" src=\"http:\/\/logistics-upb.com\/englishver\/wp-content\/uploads\/2023\/06\/2.jpg\" alt=\"\" srcset=\"http:\/\/logistics-upb.com\/englishver\/wp-content\/uploads\/2023\/06\/2.jpg 2560w, http:\/\/logistics-upb.com\/englishver\/wp-content\/uploads\/2023\/06\/2-300x225.jpg 300w, http:\/\/logistics-upb.com\/englishver\/wp-content\/uploads\/2023\/06\/2-1024x768.jpg 1024w, http:\/\/logistics-upb.com\/englishver\/wp-content\/uploads\/2023\/06\/2-768x576.jpg 768w, http:\/\/logistics-upb.com\/englishver\/wp-content\/uploads\/2023\/06\/2-1536x1152.jpg 1536w, http:\/\/logistics-upb.com\/englishver\/wp-content\/uploads\/2023\/06\/2-2048x1536.jpg 2048w, http:\/\/logistics-upb.com\/englishver\/wp-content\/uploads\/2023\/06\/2-73x55.jpg 73w\" sizes=\"(max-width: 500px) 100vw, 500px\" \/><\/td><\/tr><\/tbody><\/table><\/figure>\n\n\n\n<p>Dintre dot\u0103rile laboratoarelor specializ\u0103rii Logistic\u0103 Industrial\u0103:<\/p>\n\n\n\n<ul class=\"wp-block-list\">\n<li>Stand de testare a senzorilor industriali;<\/li>\n\n\n\n<li>Stand testare sisteme RFID<\/li>\n\n\n\n<li>Platforma cu actionare pneumatica pentru montaj;<\/li>\n\n\n\n<li>Platforma cu actionare electrica pentru montaj;<\/li>\n\n\n\n<li>Platforma &#8211; Sortare repere dupa inaltime<\/li>\n\n\n\n<li>Platforma cu sistem AS-RS si robocar;<\/li>\n\n\n\n<li>Platforma &nbsp;cu vehicule ghidate automat;<\/li>\n<\/ul>\n\n\n\n<figure class=\"wp-block-gallery has-nested-images columns-default is-cropped wp-block-gallery-1 is-layout-flex wp-block-gallery-is-layout-flex\">\n<figure class=\"wp-block-image size-large\"><a href=\"http:\/\/logistics-upb.com\/englishver\/wp-content\/uploads\/2023\/06\/1-1.jpg\"><img decoding=\"async\" width=\"300\" height=\"199\" data-id=\"4011\" src=\"http:\/\/logistics-upb.com\/englishver\/wp-content\/uploads\/2023\/06\/1-1.jpg\" alt=\"\" class=\"wp-image-4011\" srcset=\"http:\/\/logistics-upb.com\/englishver\/wp-content\/uploads\/2023\/06\/1-1.jpg 300w, http:\/\/logistics-upb.com\/englishver\/wp-content\/uploads\/2023\/06\/1-1-83x55.jpg 83w, http:\/\/logistics-upb.com\/englishver\/wp-content\/uploads\/2023\/06\/1-1-120x80.jpg 120w\" sizes=\"(max-width: 300px) 100vw, 300px\" \/><\/a><\/figure>\n\n\n\n<figure class=\"wp-block-image size-large\"><a href=\"http:\/\/logistics-upb.com\/englishver\/wp-content\/uploads\/2023\/06\/2-1.jpg\"><img loading=\"lazy\" decoding=\"async\" width=\"300\" height=\"199\" data-id=\"4012\" src=\"http:\/\/logistics-upb.com\/englishver\/wp-content\/uploads\/2023\/06\/2-1.jpg\" alt=\"\" class=\"wp-image-4012\" srcset=\"http:\/\/logistics-upb.com\/englishver\/wp-content\/uploads\/2023\/06\/2-1.jpg 300w, http:\/\/logistics-upb.com\/englishver\/wp-content\/uploads\/2023\/06\/2-1-83x55.jpg 83w, http:\/\/logistics-upb.com\/englishver\/wp-content\/uploads\/2023\/06\/2-1-120x80.jpg 120w\" sizes=\"(max-width: 300px) 100vw, 300px\" \/><\/a><\/figure>\n\n\n\n<figure class=\"wp-block-image size-large\"><a href=\"http:\/\/logistics-upb.com\/englishver\/wp-content\/uploads\/2023\/06\/3.png\"><img loading=\"lazy\" decoding=\"async\" width=\"1024\" height=\"668\" data-id=\"4014\" src=\"http:\/\/logistics-upb.com\/englishver\/wp-content\/uploads\/2023\/06\/3-1024x668.png\" alt=\"\" class=\"wp-image-4014\" srcset=\"http:\/\/logistics-upb.com\/englishver\/wp-content\/uploads\/2023\/06\/3-1024x668.png 1024w, http:\/\/logistics-upb.com\/englishver\/wp-content\/uploads\/2023\/06\/3-300x196.png 300w, http:\/\/logistics-upb.com\/englishver\/wp-content\/uploads\/2023\/06\/3-768x501.png 768w, http:\/\/logistics-upb.com\/englishver\/wp-content\/uploads\/2023\/06\/3-84x55.png 84w, http:\/\/logistics-upb.com\/englishver\/wp-content\/uploads\/2023\/06\/3.png 1224w\" sizes=\"(max-width: 1024px) 100vw, 1024px\" \/><\/a><\/figure>\n\n\n\n<figure class=\"wp-block-image size-large\"><a href=\"http:\/\/logistics-upb.com\/englishver\/wp-content\/uploads\/2023\/06\/4.png\"><img loading=\"lazy\" decoding=\"async\" width=\"1024\" height=\"641\" data-id=\"4013\" src=\"http:\/\/logistics-upb.com\/englishver\/wp-content\/uploads\/2023\/06\/4-1024x641.png\" alt=\"\" class=\"wp-image-4013\" srcset=\"http:\/\/logistics-upb.com\/englishver\/wp-content\/uploads\/2023\/06\/4-1024x641.png 1024w, http:\/\/logistics-upb.com\/englishver\/wp-content\/uploads\/2023\/06\/4-300x188.png 300w, http:\/\/logistics-upb.com\/englishver\/wp-content\/uploads\/2023\/06\/4-768x480.png 768w, http:\/\/logistics-upb.com\/englishver\/wp-content\/uploads\/2023\/06\/4-88x55.png 88w, http:\/\/logistics-upb.com\/englishver\/wp-content\/uploads\/2023\/06\/4.png 1263w\" sizes=\"(max-width: 1024px) 100vw, 1024px\" \/><\/a><\/figure>\n<\/figure>\n\n\n\n<p>Parteneriate specializare Logistic\u0103 Industrial\u0103 \u00eencheiate cu mediul economic\/asociatii (lista selectiva):<\/p>\n\n\n\n<ul class=\"wp-block-list\">\n<li>Megatech \u2013 OMRON;<\/li>\n\n\n\n<li>Comunitatea ERP;<\/li>\n\n\n\n<li>Imperial Electric;<\/li>\n\n\n\n<li>Autonet Import;<\/li>\n\n\n\n<li>Havi;<\/li>\n\n\n\n<li>Renovatio Asset Management<\/li>\n\n\n\n<li>Asociatia Romana de Logistica.<\/li>\n<\/ul>\n\n\n\n<p>web:<strong> <a href=\"http:\/\/www.logistics-upb.com\">www.logistics-upb.com<\/a><\/strong>,<\/p>\n\n\n\n<p>e-mail: <strong><a href=\"mailto:info@logistics-upb.com\">info@logistics-upb.com<\/a><\/strong><\/p>\n\n\n\n<p>Link-uri video platforme:<\/p>\n\n\n\n<figure class=\"wp-block-embed is-type-video is-provider-youtube wp-block-embed-youtube wp-embed-aspect-16-9 wp-has-aspect-ratio\"><div class=\"wp-block-embed__wrapper\">\n<iframe title=\"Prezentare VISETH Model Fizic\" width=\"1170\" height=\"658\" src=\"https:\/\/www.youtube.com\/embed\/wDpcBlLyIxU?start=141&#038;feature=oembed\" frameborder=\"0\" allow=\"accelerometer; autoplay; clipboard-write; encrypted-media; gyroscope; picture-in-picture; web-share\" referrerpolicy=\"strict-origin-when-cross-origin\" allowfullscreen><\/iframe>\n<\/div><\/figure>\n\n\n\n<figure class=\"wp-block-embed is-type-video is-provider-youtube wp-block-embed-youtube wp-embed-aspect-16-9 wp-has-aspect-ratio\"><div class=\"wp-block-embed__wrapper\">\n<iframe title=\"Model Fizic AS\/RS\" width=\"1170\" height=\"658\" src=\"https:\/\/www.youtube.com\/embed\/QXw0Dmwlma0?start=5&#038;feature=oembed\" frameborder=\"0\" allow=\"accelerometer; autoplay; clipboard-write; encrypted-media; gyroscope; picture-in-picture; web-share\" referrerpolicy=\"strict-origin-when-cross-origin\" allowfullscreen><\/iframe>\n<\/div><\/figure>\n","protected":false},"excerpt":{"rendered":"<p>Specializarea Logistic\u0103 Industrial\u0103 a fost \u00eenfiin\u021bat\u0103 in anul 2010 in cadrul Catedrei de Ma\u0219ini si Sisteme de Produc\u021bie, \u00een prezent Departamentul de Robo\u021bi \u0219i Sisteme de Produc\u021bie. Direc\u021biile urmate \u00een cadrul specializ\u0103rii Logistic\u0103 Industrial\u0103 sunt: Discipline \u2013 Specializarea Logistic\u0103 Industrial\u0103 (list\u0103 selectiv\u0103): Laboratoarele specializ\u0103rii Logistic\u0103 Industrial\u0103: Laboratorul de INTRALOGISTICA &nbsp; Laboratorul de BAZELE LOGISTICII INDUSTRIALE<\/p>\n<p class=\"more-link\"><a href=\"http:\/\/logistics-upb.com\/englishver\/courses\/\" class=\"themebutton\">Read More<\/a><\/p>\n","protected":false},"author":1,"featured_media":0,"parent":0,"menu_order":0,"comment_status":"closed","ping_status":"closed","template":"","meta":{"footnotes":""},"class_list":["post-3396","page","type-page","status-publish","hentry"],"yoast_head":"<!-- This site is optimized with the Yoast SEO plugin v27.2 - https:\/\/yoast.com\/product\/yoast-seo-wordpress\/ -->\n<title>Cursuri - Lista selectiva - Logistic\u0103 Industrial\u0103<\/title>\n<meta name=\"robots\" content=\"index, follow, max-snippet:-1, max-image-preview:large, max-video-preview:-1\" \/>\n<link rel=\"canonical\" href=\"http:\/\/logistics-upb.com\/englishver\/courses\/\" \/>\n<meta property=\"og:locale\" content=\"ro_RO\" \/>\n<meta property=\"og:type\" content=\"article\" \/>\n<meta property=\"og:title\" content=\"Cursuri - Lista selectiva - Logistic\u0103 Industrial\u0103\" \/>\n<meta property=\"og:description\" content=\"Specializarea Logistic\u0103 Industrial\u0103 a fost \u00eenfiin\u021bat\u0103 in anul 2010 in cadrul Catedrei de Ma\u0219ini si Sisteme de Produc\u021bie, \u00een prezent Departamentul de Robo\u021bi \u0219i Sisteme de Produc\u021bie. Direc\u021biile urmate \u00een cadrul specializ\u0103rii Logistic\u0103 Industrial\u0103 sunt: Discipline \u2013 Specializarea Logistic\u0103 Industrial\u0103 (list\u0103 selectiv\u0103): Laboratoarele specializ\u0103rii Logistic\u0103 Industrial\u0103: Laboratorul de INTRALOGISTICA &nbsp; Laboratorul de BAZELE LOGISTICII INDUSTRIALERead More\" \/>\n<meta property=\"og:url\" content=\"http:\/\/logistics-upb.com\/englishver\/courses\/\" \/>\n<meta property=\"og:site_name\" content=\"Logistic\u0103 Industrial\u0103\" \/>\n<meta property=\"article:modified_time\" content=\"2024-04-18T10:54:29+00:00\" \/>\n<meta property=\"og:image\" content=\"http:\/\/logistics-upb.com\/englishver\/wp-content\/uploads\/2023\/06\/1.jpg\" \/>\n<meta name=\"twitter:card\" content=\"summary_large_image\" \/>\n<meta name=\"twitter:label1\" content=\"Timp estimat pentru citire\" \/>\n\t<meta name=\"twitter:data1\" content=\"1 minut\" \/>\n<script type=\"application\/ld+json\" class=\"yoast-schema-graph\">{\"@context\":\"https:\/\/schema.org\",\"@graph\":[{\"@type\":\"WebPage\",\"@id\":\"http:\/\/logistics-upb.com\/englishver\/courses\/\",\"url\":\"http:\/\/logistics-upb.com\/englishver\/courses\/\",\"name\":\"Cursuri - Lista selectiva - Logistic\u0103 Industrial\u0103\",\"isPartOf\":{\"@id\":\"http:\/\/logistics-upb.com\/englishver\/#website\"},\"primaryImageOfPage\":{\"@id\":\"http:\/\/logistics-upb.com\/englishver\/courses\/#primaryimage\"},\"image\":{\"@id\":\"http:\/\/logistics-upb.com\/englishver\/courses\/#primaryimage\"},\"thumbnailUrl\":\"http:\/\/logistics-upb.com\/englishver\/wp-content\/uploads\/2023\/06\/1.jpg\",\"datePublished\":\"2014-12-15T09:49:20+00:00\",\"dateModified\":\"2024-04-18T10:54:29+00:00\",\"breadcrumb\":{\"@id\":\"http:\/\/logistics-upb.com\/englishver\/courses\/#breadcrumb\"},\"inLanguage\":\"ro-RO\",\"potentialAction\":[{\"@type\":\"ReadAction\",\"target\":[\"http:\/\/logistics-upb.com\/englishver\/courses\/\"]}]},{\"@type\":\"ImageObject\",\"inLanguage\":\"ro-RO\",\"@id\":\"http:\/\/logistics-upb.com\/englishver\/courses\/#primaryimage\",\"url\":\"http:\/\/logistics-upb.com\/englishver\/wp-content\/uploads\/2023\/06\/1.jpg\",\"contentUrl\":\"http:\/\/logistics-upb.com\/englishver\/wp-content\/uploads\/2023\/06\/1.jpg\",\"width\":2560,\"height\":1920},{\"@type\":\"BreadcrumbList\",\"@id\":\"http:\/\/logistics-upb.com\/englishver\/courses\/#breadcrumb\",\"itemListElement\":[{\"@type\":\"ListItem\",\"position\":1,\"name\":\"Prima pagin\u0103\",\"item\":\"https:\/\/logistics-upb.com\/englishver\/\"},{\"@type\":\"ListItem\",\"position\":2,\"name\":\"Cursuri &#8211; Lista selectiva\"}]},{\"@type\":\"WebSite\",\"@id\":\"http:\/\/logistics-upb.com\/englishver\/#website\",\"url\":\"http:\/\/logistics-upb.com\/englishver\/\",\"name\":\"Logistic\u0103 Industrial\u0103\",\"description\":\"Universitatea Na\u021bional\u0103 de \u0218tiin\u021b\u0103 \u0219i Tehnologie Politehnica Bucure\u0219ti\",\"potentialAction\":[{\"@type\":\"SearchAction\",\"target\":{\"@type\":\"EntryPoint\",\"urlTemplate\":\"http:\/\/logistics-upb.com\/englishver\/?s={search_term_string}\"},\"query-input\":{\"@type\":\"PropertyValueSpecification\",\"valueRequired\":true,\"valueName\":\"search_term_string\"}}],\"inLanguage\":\"ro-RO\"}]}<\/script>\n<!-- \/ Yoast SEO plugin. -->","yoast_head_json":{"title":"Cursuri - Lista selectiva - Logistic\u0103 Industrial\u0103","robots":{"index":"index","follow":"follow","max-snippet":"max-snippet:-1","max-image-preview":"max-image-preview:large","max-video-preview":"max-video-preview:-1"},"canonical":"http:\/\/logistics-upb.com\/englishver\/courses\/","og_locale":"ro_RO","og_type":"article","og_title":"Cursuri - Lista selectiva - Logistic\u0103 Industrial\u0103","og_description":"Specializarea Logistic\u0103 Industrial\u0103 a fost \u00eenfiin\u021bat\u0103 in anul 2010 in cadrul Catedrei de Ma\u0219ini si Sisteme de Produc\u021bie, \u00een prezent Departamentul de Robo\u021bi \u0219i Sisteme de Produc\u021bie. Direc\u021biile urmate \u00een cadrul specializ\u0103rii Logistic\u0103 Industrial\u0103 sunt: Discipline \u2013 Specializarea Logistic\u0103 Industrial\u0103 (list\u0103 selectiv\u0103): Laboratoarele specializ\u0103rii Logistic\u0103 Industrial\u0103: Laboratorul de INTRALOGISTICA &nbsp; Laboratorul de BAZELE LOGISTICII INDUSTRIALERead More","og_url":"http:\/\/logistics-upb.com\/englishver\/courses\/","og_site_name":"Logistic\u0103 Industrial\u0103","article_modified_time":"2024-04-18T10:54:29+00:00","og_image":[{"url":"http:\/\/logistics-upb.com\/englishver\/wp-content\/uploads\/2023\/06\/1.jpg","type":"","width":"","height":""}],"twitter_card":"summary_large_image","twitter_misc":{"Timp estimat pentru citire":"1 minut"},"schema":{"@context":"https:\/\/schema.org","@graph":[{"@type":"WebPage","@id":"http:\/\/logistics-upb.com\/englishver\/courses\/","url":"http:\/\/logistics-upb.com\/englishver\/courses\/","name":"Cursuri - Lista selectiva - Logistic\u0103 Industrial\u0103","isPartOf":{"@id":"http:\/\/logistics-upb.com\/englishver\/#website"},"primaryImageOfPage":{"@id":"http:\/\/logistics-upb.com\/englishver\/courses\/#primaryimage"},"image":{"@id":"http:\/\/logistics-upb.com\/englishver\/courses\/#primaryimage"},"thumbnailUrl":"http:\/\/logistics-upb.com\/englishver\/wp-content\/uploads\/2023\/06\/1.jpg","datePublished":"2014-12-15T09:49:20+00:00","dateModified":"2024-04-18T10:54:29+00:00","breadcrumb":{"@id":"http:\/\/logistics-upb.com\/englishver\/courses\/#breadcrumb"},"inLanguage":"ro-RO","potentialAction":[{"@type":"ReadAction","target":["http:\/\/logistics-upb.com\/englishver\/courses\/"]}]},{"@type":"ImageObject","inLanguage":"ro-RO","@id":"http:\/\/logistics-upb.com\/englishver\/courses\/#primaryimage","url":"http:\/\/logistics-upb.com\/englishver\/wp-content\/uploads\/2023\/06\/1.jpg","contentUrl":"http:\/\/logistics-upb.com\/englishver\/wp-content\/uploads\/2023\/06\/1.jpg","width":2560,"height":1920},{"@type":"BreadcrumbList","@id":"http:\/\/logistics-upb.com\/englishver\/courses\/#breadcrumb","itemListElement":[{"@type":"ListItem","position":1,"name":"Prima pagin\u0103","item":"https:\/\/logistics-upb.com\/englishver\/"},{"@type":"ListItem","position":2,"name":"Cursuri &#8211; Lista selectiva"}]},{"@type":"WebSite","@id":"http:\/\/logistics-upb.com\/englishver\/#website","url":"http:\/\/logistics-upb.com\/englishver\/","name":"Logistic\u0103 Industrial\u0103","description":"Universitatea Na\u021bional\u0103 de \u0218tiin\u021b\u0103 \u0219i Tehnologie Politehnica Bucure\u0219ti","potentialAction":[{"@type":"SearchAction","target":{"@type":"EntryPoint","urlTemplate":"http:\/\/logistics-upb.com\/englishver\/?s={search_term_string}"},"query-input":{"@type":"PropertyValueSpecification","valueRequired":true,"valueName":"search_term_string"}}],"inLanguage":"ro-RO"}]}},"_links":{"self":[{"href":"http:\/\/logistics-upb.com\/englishver\/wp-json\/wp\/v2\/pages\/3396","targetHints":{"allow":["GET"]}}],"collection":[{"href":"http:\/\/logistics-upb.com\/englishver\/wp-json\/wp\/v2\/pages"}],"about":[{"href":"http:\/\/logistics-upb.com\/englishver\/wp-json\/wp\/v2\/types\/page"}],"author":[{"embeddable":true,"href":"http:\/\/logistics-upb.com\/englishver\/wp-json\/wp\/v2\/users\/1"}],"replies":[{"embeddable":true,"href":"http:\/\/logistics-upb.com\/englishver\/wp-json\/wp\/v2\/comments?post=3396"}],"version-history":[{"count":6,"href":"http:\/\/logistics-upb.com\/englishver\/wp-json\/wp\/v2\/pages\/3396\/revisions"}],"predecessor-version":[{"id":4067,"href":"http:\/\/logistics-upb.com\/englishver\/wp-json\/wp\/v2\/pages\/3396\/revisions\/4067"}],"wp:attachment":[{"href":"http:\/\/logistics-upb.com\/englishver\/wp-json\/wp\/v2\/media?parent=3396"}],"curies":[{"name":"wp","href":"https:\/\/api.w.org\/{rel}","templated":true}]}}